{"id":117,"date":"2024-08-09T23:13:38","date_gmt":"2024-08-09T23:13:38","guid":{"rendered":"https:\/\/www.envirotroninternacional.com\/?page_id=117"},"modified":"2025-03-02T18:05:29","modified_gmt":"2025-03-02T18:05:29","slug":"pieza-1350-1450","status":"publish","type":"page","link":"https:\/\/www.envirotroninternacional.com\/en\/pieza-1350-1450\/","title":{"rendered":"Part Number 1350 &amp; 1450"},"content":{"rendered":"<p>Kit includes Envirotron converter, 3 foot of 1\/4 inch fuel hose, 2 hose clamps and safety device, support clamp.<\/p>\n\n\n\n<ul class=\"wp-block-list\">\n<li>Disconnect the fuel line from the engine <\/li>\n\n\n\n<li>Connect the 3 ft fuel hose to the engine with a clamp. <\/li>\n\n\n\n<li>Connect the Envirotron converter to a 3 fuel hose with a clamp. <\/li>\n\n\n\n<li>Connect the engine fuel hose to the Envirotron converter with a clamp. <\/li>\n\n\n\n<li>Secure the Envirotron converter with the provided device clamp, ensuring that the converter's metal fittings do not touch any metal.<\/li>\n<\/ul>\n\n\n\n<p><strong>Special instructions<\/strong><\/p>\n\n\n\n<ul class=\"wp-block-list\">\n<li>Fuel can flow in any direction through the Envirotron converter. <\/li>\n\n\n\n<li>The Envirotron converter must be installed horizontally.<\/li>\n<\/ul>\n\n\n\n<p><strong>Alternative installation method<\/strong><\/p>\n\n\n\n<ul class=\"wp-block-list\">\n<li>Cut the fuel hose before entering the engine. <\/li>\n\n\n\n<li>Connect each end of the Envirotron converter with the hose clamps provided. <\/li>\n\n\n\n<li>Secure the Envirotron converter with the provided device clamp, ensuring that the converter's metal fittings do not touch any metal.<\/li>\n<\/ul>\n\n\n\n<p>For warranty purposes Envirotron Converter must be installed by licensed mechanic.<\/p>","protected":false},"excerpt":{"rendered":"<p>El kit incluye convertidor Envirotron, 3 pies de manguera de combustible de 1\/4 de pulgada, 2 abrazaderas de manguera y dispositivo de seguridad, abrazadera de soporte. Instrucciones especiales M\u00e9todo de instalaci\u00f3n alternativo * Para fines de garant\u00eda, el convertidor Envirotron debe ser instalado por un mec\u00e1nico autorizado.<\/p>","protected":false},"author":1,"featured_media":0,"parent":0,"menu_order":0,"comment_status":"closed","ping_status":"closed","template":"","meta":{"footnotes":""},"class_list":["post-117","page","type-page","status-publish","hentry"],"_links":{"self":[{"href":"https:\/\/www.envirotroninternacional.com\/en\/wp-json\/wp\/v2\/pages\/117","targetHints":{"allow":["GET"]}}],"collection":[{"href":"https:\/\/www.envirotroninternacional.com\/en\/wp-json\/wp\/v2\/pages"}],"about":[{"href":"https:\/\/www.envirotroninternacional.com\/en\/wp-json\/wp\/v2\/types\/page"}],"author":[{"embeddable":true,"href":"https:\/\/www.envirotroninternacional.com\/en\/wp-json\/wp\/v2\/users\/1"}],"replies":[{"embeddable":true,"href":"https:\/\/www.envirotroninternacional.com\/en\/wp-json\/wp\/v2\/comments?post=117"}],"version-history":[{"count":3,"href":"https:\/\/www.envirotroninternacional.com\/en\/wp-json\/wp\/v2\/pages\/117\/revisions"}],"predecessor-version":[{"id":166,"href":"https:\/\/www.envirotroninternacional.com\/en\/wp-json\/wp\/v2\/pages\/117\/revisions\/166"}],"wp:attachment":[{"href":"https:\/\/www.envirotroninternacional.com\/en\/wp-json\/wp\/v2\/media?parent=117"}],"curies":[{"name":"wp","href":"https:\/\/api.w.org\/{rel}","templated":true}]}}